{"id":77,"date":"2021-12-26T22:45:57","date_gmt":"2021-12-26T22:45:57","guid":{"rendered":"http:\/\/www.tlu-clan.de\/?page_id=77"},"modified":"2021-12-27T18:17:53","modified_gmt":"2021-12-27T18:17:53","slug":"runenwoerter-necro-sorc","status":"publish","type":"page","link":"http:\/\/www.tlu-clan.de\/?page_id=77","title":{"rendered":"Runenw\u00f6rter &#8211; Necro &#8211; Sorc"},"content":{"rendered":"<h3>Waffen<\/h3>\n<h3 id=\"TirEl\">Stahl &#8211; TirEl<\/h3>\n<ul>\n<li><strong class=\"text_uebersicht\">Stahl Runenwort Infos<\/strong>\n<ul>\n<li>Level: 13<\/li>\n<li>Sockel: 2<\/li>\n<li>Gegenst\u00e4nde: Axt, Kn\u00fcppel, Schwert<\/li>\n<li>Empfohlene Gegenst\u00e4nde: Flegel, Krumms\u00e4bel<\/li>\n<\/ul>\n<\/li>\n<li><strong class=\"text_uebersicht\">Stahl Runenwort Werte<\/strong>\n<ul>\n<li>+25% Erh\u00f6hte Angriffsgeschwindigkeit<\/li>\n<li>+3 Minimalschaden<\/li>\n<li>+3 Maximalschaden<\/li>\n<li>+50% Chance auf offene Wunden<\/li>\n<li>+20% Erh\u00f6hter Schaden<\/li>\n<li>+2 zu Mana nach jedem Volltreffer (Tir)<\/li>\n<li>1 zu Lichtradius (El)<\/li>\n<li>+50 zu Angriffswert (El)<\/li>\n<\/ul>\n<\/li>\n<\/ul>\n<h3 id=\"TirRal\">Blatt &#8211; TirRal<\/h3>\n<ul>\n<li><strong class=\"text_uebersicht\">Blatt Runenwort Infos<\/strong>\n<ul>\n<li>Level: 19<\/li>\n<li>Sockel: 2<\/li>\n<li>Gegenst\u00e4nde: Zweihandstab<\/li>\n<li>Empfohlene Gegenst\u00e4nde: Kurzstab, Stab mit +3 Feuerball<\/li>\n<\/ul>\n<\/li>\n<li><strong class=\"text_uebersicht\">Blatt Runenwort Werte<\/strong>\n<ul>\n<li>+3 zu Feuer-Fertigkeiten<\/li>\n<li>+2 zu Verteidigung pro Level<\/li>\n<li>K\u00e4lte-Widerstand +33%<\/li>\n<li>+3 zu Inferno (nur Zauberin)<\/li>\n<li>+3 zu Feuerblitz (nur Zauberin)<\/li>\n<li>+3 zu W\u00e4rme (nur Zauberin)<\/li>\n<li>+2 zu Mana nach jedem Volltreffer (Tir)<\/li>\n<li>Erh\u00f6ht um 5-30 Feuerschaden (Ral)<\/li>\n<\/ul>\n<\/li>\n<\/ul>\n<h3 id=\"TalThulOrtAmn\">Geist &#8211; TalThulOrtAmn<\/h3>\n<ul>\n<li><strong class=\"text_uebersicht\">Geist Runenwort Infos<\/strong>\n<ul>\n<li>Level: 25<\/li>\n<li>Sockel: 4<\/li>\n<li>Gegenst\u00e4nde: Schwert<\/li>\n<li>Empfohlene Gegenst\u00e4nde: Kristallschwert<\/li>\n<\/ul>\n<\/li>\n<li><strong class=\"text_uebersicht\">Geist Runenwort Werte<\/strong>\n<ul>\n<li>+2 zu allen Fertigkeiten<\/li>\n<li>25% bis 35% schnellere Zauberrate<\/li>\n<li>+55% schnellere Erholung nach Treffer<\/li>\n<li>+250 zur Verteidigung gegen Geschosse<\/li>\n<li>+22 zu Vitalit\u00e4t<\/li>\n<li>+89-112 zu Mana<\/li>\n<li>Absorbiert 3 bis 8 Magieschaden<\/li>\n<li>Erh\u00f6ht 75 Giftschaden um 5 Sekunden (Tal)<\/li>\n<li>Erh\u00f6ht um 3-14 K\u00e4lteschaden (Thul)<\/li>\n<li>Erh\u00f6ht um 1-50 Blitz-Schaden (Ort)<\/li>\n<li>7% abgesaugtes Leben pro Treffer (Amn)<\/li>\n<\/ul>\n<\/li>\n<\/ul>\n<h3 id=\"TirTalAmn\">Schneide &#8211; TirTalAmn<\/h3>\n<ul>\n<li><strong class=\"text_uebersicht\">Schneide Runenwort Infos<\/strong>\n<ul>\n<li>Level: 25<\/li>\n<li>Sockel: 3<\/li>\n<li>Gegenst\u00e4nde: Bogen, Armbrust, Amazonen-Bogen<\/li>\n<li>Empfohlene Gegenst\u00e4nde: Kurzbogen, Jagdbogen<\/li>\n<\/ul>\n<\/li>\n<li><strong class=\"text_uebersicht\">Schneide Runenwort Werte<\/strong>\n<ul>\n<li>Level 15 Dornen Aura wenn ausger\u00fcstet<\/li>\n<li>35% erh\u00f6hte Angriffsgeschwindigkeit<\/li>\n<li>+320-380% erh\u00f6hter Schaden gegen D\u00e4monen<\/li>\n<li>+280% erh\u00f6hter Schaden gegen Untote<\/li>\n<li>Verhindert Monsterheilung<\/li>\n<li>+5-10 zu allen Attributen<\/li>\n<li>Verringert alle H\u00e4ndlerpreise um 15% (inkl. Gl\u00fccksspiel)<\/li>\n<li>+2 zu Mana nach jedem Volltreffer (Tir)<\/li>\n<li>Erh\u00f6ht 75 Giftschaden um 5 Sekunden (Tal)<\/li>\n<li>7% abgesaugtes Leben pro Treffer (Amn)<\/li>\n<\/ul>\n<\/li>\n<\/ul>\n<h3 id=\"AmnElIthTirSol\">Ehre &#8211; AmnElIthTirSol<\/h3>\n<ul>\n<li><strong class=\"text_uebersicht\">Ehre Runenwort Infos<\/strong>\n<ul>\n<li>Level: 27<\/li>\n<li>Sockel: 5<\/li>\n<li>Gegenst\u00e4nde: Axt, Kn\u00fcppel, Hammer, Szepter, Schwert, Speer, Stangenwaffe, Zweihand-Stab, Amazonen-Speer<\/li>\n<li>Empfohlene Gegenst\u00e4nde: Bidenh\u00e4nder<\/li>\n<\/ul>\n<\/li>\n<li><strong class=\"text_uebersicht\">Ehre Runenwort Werte<\/strong>\n<ul>\n<li>+160% Erh\u00f6hter Schaden<\/li>\n<li>Leben wieder auff\u00fcllen +10<\/li>\n<li>+1 zu allen Fertigkeiten<\/li>\n<li>+200 zu Angriffswert<\/li>\n<li>+25% Todesschlag<\/li>\n<li>+10 zu St\u00e4rke<\/li>\n<li>7% abgesaugtes Leben pro Treffer (Amn)<\/li>\n<li>1 zu Lichtradius (El)<\/li>\n<li>+50 zu Angriffswert (El)<\/li>\n<li>+9 Maximalschaden (Ith)<\/li>\n<li>+2 zu Mana nach jedem Volltreffer (Tir)<\/li>\n<li>+9 Minimalschaden (Sol)<\/li>\n<\/ul>\n<\/li>\n<\/ul>\n<h3 id=\"RalTirTalSol\">Einsicht &#8211; RalTirTalSol<\/h3>\n<ul>\n<li><strong class=\"text_uebersicht\">Einsicht Runenwort Infos<\/strong>\n<ul>\n<li>Level: 27<\/li>\n<li>Sockel: 4<\/li>\n<li>Gegenst\u00e4nde: Stangenwaffe, Zweihand-Stab<\/li>\n<li>Empfohlene Gegenst\u00e4nde: Kolossvulge, Drescher, Riesendrescher<\/li>\n<\/ul>\n<\/li>\n<li><strong class=\"text_uebersicht\">Einsicht Runenwort Werte<\/strong>\n<ul>\n<li>Level 12-17 Meditation Aura wenn ausger\u00fcstet<\/li>\n<li>+35% schnellere Zauberrate<\/li>\n<li>200-260% erh\u00f6hter Schaden<\/li>\n<li>+180-250% zu Angriffswert<\/li>\n<li>1-6 zu Kritischer Schlag (max +3 f\u00fcr Amazone)<\/li>\n<li>+5 zu allen Attributen<\/li>\n<li>23% bessere Chance magischen Gegenstand zu erhalten<\/li>\n<li>Erh\u00f6ht um 5-30 Feuerschaden (Ral)<\/li>\n<li>+2 zu Mana nach jedem Volltreffer (Tir)<\/li>\n<li>Erh\u00f6ht 75 Giftschaden um 5 Sekunden (Tal)<\/li>\n<li>+9 Minimalschaden (Sol)<\/li>\n<\/ul>\n<\/li>\n<\/ul>\n<h3 id=\"KoVexPulThul\">Herz der Eiche &#8211; KoVexPulThul<\/h3>\n<ul>\n<li><strong class=\"text_uebersicht\">Herz der Eiche Runenwort Infos<\/strong>\n<ul>\n<li>Level: 55<\/li>\n<li>Sockel: 4<\/li>\n<li>Gegenst\u00e4nde: Kn\u00fcppel, Zweihand-Stab<\/li>\n<li>Empfohlene Gegenst\u00e4nde: Flegel<\/li>\n<\/ul>\n<\/li>\n<li><strong class=\"text_uebersicht\">Herz der Eiche Runenwort Werte<\/strong>\n<ul>\n<li>+40% Schnellere Zauberrate<\/li>\n<li>Level 4 Eichbaumweiser (25 Ladungen)<\/li>\n<li>Erh\u00f6ht maximales Mana 15%<\/li>\n<li>+3 zu allen Fertigkeiten<\/li>\n<li>Leben wieder auff\u00fcllen +20<\/li>\n<li>Alle Widerstandsarten +30% bis +40%<\/li>\n<li>Level 14 Rabe (60 Ladungen)<\/li>\n<li>+10 zu Geschicklichkeit (Ko)<\/li>\n<li>7% abgesaugtes Mana pro Treffer (Vex)<\/li>\n<li>+100 zu Angriffswert gegen D\u00e4monen (Pul)<\/li>\n<li>+75% erh\u00f6hter Schaden gegen D\u00e4monen (Pul)<\/li>\n<li>Erh\u00f6ht um 3-14 K\u00e4lteschaden (Thul)<\/li>\n<\/ul>\n<\/li>\n<\/ul>\n<h3 id=\"AmnRalMalIstOhm\">Ruf zu den Waffen &#8211; AmnRalMalIstOhm<\/h3>\n<ul>\n<li><strong class=\"text_uebersicht\">Ruf zu den Waffen Runenwort Infos<\/strong>\n<ul>\n<li>Level: 57<\/li>\n<li>Sockel: 5<\/li>\n<li>Gegenst\u00e4nde: Axt, Kn\u00fcppel, Hammer, Szepter, Schwert, Speer, Stangenwaffe, Zweihand-Stab, Bogen, Armbrust, Amazonen-Bogen, Amazonen-Speer<\/li>\n<li>Empfohlene Gegenst\u00e4nde: Flegel, Kristallschwert<\/li>\n<\/ul>\n<\/li>\n<li><strong class=\"text_uebersicht\">Ruf zu den Waffen Runenwort Werte<\/strong>\n<ul>\n<li>+40% Erh\u00f6hte Angriffsgeschwindigkeit<\/li>\n<li>+200% bis +240% Erh\u00f6hter Schaden<\/li>\n<li>+1 zu allen Fertigkeiten<\/li>\n<li>+2 bis +6 zu Kampfaufruf (max +3 f\u00fcr Barbar)<\/li>\n<li>+1 bis +6 zu Kampfbefehle (max +3 f\u00fcr Barbar)<\/li>\n<li>+1 bis +4 zu Schlachtruf (max +3 f\u00fcr Barbar)<\/li>\n<li>Leben wieder auff\u00fcllen +12<\/li>\n<li>7% abgesaugtes Leben pro Treffer (Amn)<\/li>\n<li>Erh\u00f6ht um 5-30 Feuerschaden (Ral)<\/li>\n<li>Verhindert Monsterheilung (Mal)<\/li>\n<li>30% bessere Chance magischen Gegenstand zu erhalten (Ist)<\/li>\n<li>+50% Erh\u00f6hter Schaden (Ohm)<\/li>\n<\/ul>\n<\/li>\n<\/ul>\n<p>&nbsp;<\/p>\n<p><strong>R\u00fcstungen<\/strong><\/p>\n<p>&nbsp;<\/p>\n<h3 id=\"TalEth\">Verstohlenheit &#8211; TalEth<\/h3>\n<ul>\n<li><strong class=\"text_uebersicht\">Verstohlenheit Runenwort Infos<\/strong>\n<ul>\n<li>Level: 17<\/li>\n<li>Sockel: 2<\/li>\n<li>Gegenst\u00e4nde: Brustr\u00fcstung<\/li>\n<li>Empfohlene Gegenst\u00e4nde: Leichte R\u00fcstung, Lederr\u00fcstung, Geh\u00e4rtetes Leder, Beschlagenes Leder<\/li>\n<\/ul>\n<\/li>\n<li><strong class=\"text_uebersicht\">Verstohlenheit Runenwort Werte<\/strong>\n<ul>\n<li>Magie-Schaden reduziert um 3<\/li>\n<li>+6 zu Geschicklichkeit<\/li>\n<li>+15 zu maximaler Ausdauer<\/li>\n<li>+25% schneller Rennen\/Gehen<\/li>\n<li>+25% Schnellere Zauberrate<\/li>\n<li>+25% Schnellere Erholung nach Treffer<\/li>\n<li>Gift-Widerstand +30% (Tal)<\/li>\n<li>+15% Manaregeneration (Eth)<\/li>\n<\/ul>\n<\/li>\n<\/ul>\n<h3 id=\"NefLum\">Rauch &#8211; NefLum<\/h3>\n<ul>\n<li><strong class=\"text_uebersicht\">Rauch Runenwort Infos<\/strong>\n<ul>\n<li>Level: 37<\/li>\n<li>Sockel: 2<\/li>\n<li>Gegenst\u00e4nde: Brustr\u00fcstung<\/li>\n<li>Empfohlene Gegenst\u00e4nde: Magier-Plattenr\u00fcstung<\/li>\n<\/ul>\n<\/li>\n<li><strong class=\"text_uebersicht\">Rauch Runenwort Werte<\/strong>\n<ul>\n<li>+250 zur Verteidigung gegen Geschosse<\/li>\n<li>+75% Verbesserte Verteidigung<\/li>\n<li>Alle Widerstandsarten +50%<\/li>\n<li>+20% Schnellere Erholung nach Treffer<\/li>\n<li>-1 zu Lichtradius<\/li>\n<li>Level 6 Schw\u00e4chen (18 Ladungen)<\/li>\n<li>+30 zur Verteidigung gegen Geschosse (Nef)<\/li>\n<li>+10 zu Energie (Lum)<\/li>\n<\/ul>\n<\/li>\n<\/ul>\n<h3 id=\"PulRalSol\">Erleuchtung &#8211; PulRalSol<\/h3>\n<ul>\n<li><strong class=\"text_uebersicht\">Erleuchtung Runenwort Infos<\/strong>\n<ul>\n<li>Level: 45<\/li>\n<li>Sockel: 3<\/li>\n<li>Gegenst\u00e4nde: Brustr\u00fcstung<\/li>\n<li>Klasse: <a title=\"Zauberin\" href=\"https:\/\/diablo.4fansites.de\/diablo-2-zauberin.php\">Zauberin<\/a><\/li>\n<li>Empfohlene Gegenst\u00e4nde: Magier-Plattenr\u00fcstung<\/li>\n<\/ul>\n<\/li>\n<li><strong class=\"text_uebersicht\">Erleuchtung Runenwort Werte<\/strong>\n<ul>\n<li>5% Chance, Level 15 Feuerball auf Schlag zu zaubern<\/li>\n<li>5% Chance, Level 15 Feuersbrunst bei Treffer zu zaubern<\/li>\n<li>+2 zu Fertigkeiten-Level der Zauberin<\/li>\n<li>+1 zu W\u00e4rme<\/li>\n<li>+30% Verbesserte Verteidigung (Pul)<\/li>\n<li>Feuer-Widerstand +30% (Ral)<\/li>\n<li>Schaden reduziert um 7 (Sol)<\/li>\n<\/ul>\n<\/li>\n<\/ul>\n<h3 id=\"SolUmUm\">Knochen &#8211; SolUmUm<\/h3>\n<ul>\n<li><strong class=\"text_uebersicht\">Knochen Runenwort Infos<\/strong>\n<ul>\n<li>Level: 47<\/li>\n<li>Sockel: 3<\/li>\n<li>Gegenst\u00e4nde: Brustr\u00fcstung<\/li>\n<li>Klasse: <a title=\"Totenbeschw\u00f6rer\" href=\"https:\/\/diablo.4fansites.de\/diablo-2-totenbeschwoerer.php\">Totenbeschw\u00f6rer<\/a><\/li>\n<li>Empfohlene Gegenst\u00e4nde: Magier-Plattenr\u00fcstung<\/li>\n<\/ul>\n<\/li>\n<li><strong class=\"text_uebersicht\">Knochen Runenwort Werte<\/strong>\n<ul>\n<li>15% Chance, Level 10 Knochenspeer auf Schlag zu zaubern<\/li>\n<li>15% Chance, Level 10 Knochenr\u00fcstung bei Treffer zu zaubern<\/li>\n<li>+2 zu Fertigkeiten-Level des Totenbeschw\u00f6rers<\/li>\n<li>+100 bis +150 zu Mana<\/li>\n<li>Schaden reduziert um 7 (Sol)<\/li>\n<li>Alle Widerstandsarten +15 (Um)<\/li>\n<li>Alle Widerstandsarten +15 (Um)<\/li>\n<\/ul>\n<\/li>\n<\/ul>\n<h3 id=\"ShaelUmThul\">N\u00f6tigung &#8211; ShaelUmThul<\/h3>\n<ul>\n<li><strong class=\"text_uebersicht\">N\u00f6tigung Runenwort Infos<\/strong>\n<ul>\n<li>Level: 47<\/li>\n<li>Sockel: 3<\/li>\n<li>Gegenst\u00e4nde: Brustr\u00fcstung<\/li>\n<li>Empfohlene Gegenst\u00e4nde: Magier-Plattenr\u00fcstung<\/li>\n<\/ul>\n<\/li>\n<li><strong class=\"text_uebersicht\">N\u00f6tigung Runenwort Werte<\/strong>\n<ul>\n<li>+150% bis +200% Verbesserte Verteidigung<\/li>\n<li>+20% Schnellere Erholung nach Treffer<\/li>\n<li>+10% bis 20% Erh\u00f6hter Schaden<\/li>\n<li>Erh\u00f6ht um 37-133 K\u00e4lteschaden<\/li>\n<li>15% Chance auf vernichtenden Schlag<\/li>\n<li>33% Chance auf offene Wunden<\/li>\n<li>-20% Ausdauerabsaugung<\/li>\n<li>+20% Schnellere Erholung nach Treffer (Shael)<\/li>\n<li>Alle Widerstandsarten +15% (Um)<\/li>\n<li>+30% K\u00e4ltewiderstand (Thul)<\/li>\n<\/ul>\n<\/li>\n<\/ul>\n<h3 id=\"Brust-ElSolDolLo\">St\u00e4rke &#8211; ElSolDolLo<\/h3>\n<ul>\n<li><strong class=\"text_uebersicht\">St\u00e4rke Runenwort Infos<\/strong>\n<ul>\n<li>Level: 59<\/li>\n<li>Sockel: 4<\/li>\n<li>Gegenst\u00e4nde: Brustr\u00fcstung<\/li>\n<li>Empfohlene Gegenst\u00e4nde: D\u00e4mmerschleier, Archon-Plattenr\u00fcstung, Heilige R\u00fcstung &amp; R\u00fcstung mit 850+ Verteidigung (S\u00f6ldner)<\/li>\n<\/ul>\n<\/li>\n<li><strong class=\"text_uebersicht\">St\u00e4rke Runenwort Werte<\/strong>\n<ul>\n<li>20% Chance, Level 15 Frostr\u00fcstung auf Treffer zu zaubern<\/li>\n<li>25% schnellere Zauberrate<\/li>\n<li>+300% erh\u00f6hter Schaden<\/li>\n<li>+200% erh\u00f6hte Verteidigung<\/li>\n<li>+1 bis 1.5 zu Leben pro Level<\/li>\n<li>Alle Widerstandsarten +25-30%<\/li>\n<li>12% Schaden geht auf Mana<\/li>\n<li>+15 zu Verteidigung (El)<\/li>\n<li>1 zu Lichtradius (El)<\/li>\n<li>Schaden reduziert um 7 (Sol)<\/li>\n<li>Leben wieder auff\u00fcllen +7 (Dol)<\/li>\n<li>+5% zu Maximaler Blitz-Widerstand (Lo)<\/li>\n<\/ul>\n<\/li>\n<\/ul>\n<h3 id=\"DolUmBerIst\">Ketten der Ehre &#8211; DolUmBerIst<\/h3>\n<ul>\n<li><strong class=\"text_uebersicht\">Ketten der Ehre Runenwort Infos<\/strong>\n<ul>\n<li>Level: 63<\/li>\n<li>Sockel: 4<\/li>\n<li>Gegenst\u00e4nde: Brustr\u00fcstung<\/li>\n<li>Empfohlene Gegenst\u00e4nde: D\u00e4mmerschleier, Archon-Plattenr\u00fcstung<\/li>\n<\/ul>\n<\/li>\n<li><strong class=\"text_uebersicht\">Ketten der Ehre Runenwort Werte<\/strong>\n<ul>\n<li>Alle Widerstandsarten +50%<\/li>\n<li>+70% Verbesserte Verteidigung<\/li>\n<li>+200% Schaden an D\u00e4monen<\/li>\n<li>+100% Schaden an Untoten<\/li>\n<li>8% abgesaugtes Leben pro Treffer<\/li>\n<li>+2 zu allen Fertigkeiten<\/li>\n<li>+20 zu St\u00e4rke<\/li>\n<li>Leben wieder auff\u00fcllen +7 (Dol)<\/li>\n<li>Alle Widerstandsarten +15 (Um)<\/li>\n<li>Schaden reduziert um 8% (Ber)<\/li>\n<li>25% bessere Chance magischen Gegenstand zu erhalten (Ist)<\/li>\n<\/ul>\n<\/li>\n<\/ul>\n<h3 id=\"JahIthBer\">R\u00e4tsel &#8211; JahIthBer<\/h3>\n<ul>\n<li><strong class=\"text_uebersicht\">R\u00e4tsel Runenwort Infos<\/strong>\n<ul>\n<li>Level: 65<\/li>\n<li>Sockel: 3<\/li>\n<li>Gegenst\u00e4nde: Brustr\u00fcstung<\/li>\n<li>Empfohlene Gegenst\u00e4nde: D\u00e4mmerschleier, Archon-Plattenr\u00fcstung<\/li>\n<\/ul>\n<\/li>\n<li><strong class=\"text_uebersicht\">R\u00e4tsel Runenwort Werte<\/strong>\n<ul>\n<li>+750 bis +775 Verteidigung<\/li>\n<li>+14 Leben nach jedem Volltreffer<\/li>\n<li>+45% schneller Rennen\/Gehen<\/li>\n<li>+0.75 zu St\u00e4rke pro Level<\/li>\n<li>+2 zu allen Fertigkeiten<\/li>\n<li>+1 bessere Chance magischen Gegenstand zu erhalten pro Level<\/li>\n<li>+1 zu Teleport<\/li>\n<li>Erh\u00f6ht max. Leben 5% (Jah)<\/li>\n<li>15% Schaden auf Mana (Ith)<\/li>\n<li>Schaden reduziert um 8% (Ber)<\/li>\n<\/ul>\n<\/li>\n<\/ul>\n<p>&nbsp;<\/p>\n<p><strong>Kopfbedeckung<\/strong><\/p>\n<p>&nbsp;<\/p>\n<h3 id=\"NefTir\">Nadir &#8211; NefTir<\/h3>\n<ul>\n<li><strong class=\"text_uebersicht\">Nadir Runenwort Infos<\/strong>\n<ul>\n<li>Level: 13<\/li>\n<li>Sockel: 2<\/li>\n<li>Gegenst\u00e4nde: Helm, Druiden-Helm, Barbaren-Helm, Reif<\/li>\n<li>Empfohlene Gegenst\u00e4nde: Kappe<\/li>\n<\/ul>\n<\/li>\n<li><strong class=\"text_uebersicht\">Nadir Runenwort Werte<\/strong>\n<ul>\n<li>+50% Verbesserte Verteidigung<\/li>\n<li>+10 Verteidigung<\/li>\n<li>-3 zu Lichtradius<\/li>\n<li>Level 13 Schattenmantel (9 Ladungen)<\/li>\n<li>-33% Extragold von Monstern<\/li>\n<li>+5 zu St\u00e4rke<\/li>\n<li>+30 zur Verteidigung gegen Geschosse (Nef)<\/li>\n<li>+2 zu Mana nach jedem Volltreffer (Tir)<\/li>\n<\/ul>\n<\/li>\n<\/ul>\n<h3 id=\"OrtSol\">\u00dcberlieferung &#8211; OrtSol<\/h3>\n<ul>\n<li><strong class=\"text_uebersicht\">\u00dcberlieferung Runenwort Infos<\/strong>\n<ul>\n<li>Level: 27<\/li>\n<li>Sockel: 2<\/li>\n<li>Gegenst\u00e4nde: Helm, Druiden-Helm, Barbaren-Helm, Reif<\/li>\n<li>Empfohlene Gegenst\u00e4nde: Kappe, Schl\u00e4chter-Schutz, Wolf-Kopf<\/li>\n<\/ul>\n<\/li>\n<li><strong class=\"text_uebersicht\">\u00dcberlieferung Runenwort Werte<\/strong>\n<ul>\n<li>+10 zu Energie<\/li>\n<li>+1 zu allen Fertigkeiten<\/li>\n<li>+2 zu Lichtradius<\/li>\n<li>+2 zu Mana nach jedem Volltreffer<\/li>\n<li>Blitz-Widerstand +30% (Ort)<\/li>\n<li>Schaden reduziert um 7 (Sol)<\/li>\n<\/ul>\n<\/li>\n<\/ul>\n<h3 id=\"LemIstIo\">Delirium &#8211; LemIstIo<\/h3>\n<ul>\n<li><strong class=\"text_uebersicht\">Delirium Runenwort Infos<\/strong>\n<ul>\n<li>Level: 51<\/li>\n<li>Sockel: 3<\/li>\n<li>Gegenst\u00e4nde: Helm, Druiden-Helm, Barbaren-Helm, Reif<\/li>\n<li>Empfohlene Gegenst\u00e4nde: Knochenfratze, Schl\u00e4chter-Schutz, Wolf-Kopf<\/li>\n<\/ul>\n<\/li>\n<li><strong class=\"text_uebersicht\">Delirium Runenwort Werte<\/strong>\n<ul>\n<li>11% Chance, Level 18 Verwirren auf Schlag zu zaubern<\/li>\n<li>Level 17 Mittelpunkt (60 Ladungen)<\/li>\n<li>14% Chance, Level 13 Terror bei Treffer zu zaubern<\/li>\n<li>+261 Verteidigung<\/li>\n<li>6% Chance, Level 14 Gedankenschlag bei Treffer zu zaubern<\/li>\n<li>1% Chance, Level 50 Delirium-Verwandlung bei Treffer zu zaubern<\/li>\n<li>+2 zu allen Fertigkeiten<\/li>\n<li>50% Extra Gold von Monstern (Lem)<\/li>\n<li>25% bessere Chance magischen Gegenstand zu erhalten (Ist)<\/li>\n<li>+10 zu Vitalit\u00e4t (Io)<\/li>\n<\/ul>\n<\/li>\n<\/ul>\n<p>&nbsp;<\/p>\n<p><strong>Schilde<\/strong><\/p>\n<p>&nbsp;<\/p>\n<h3 id=\"RalOrtTal\">Schwur der Urahnen &#8211; RalOrtTal<\/h3>\n<ul>\n<li><strong class=\"text_uebersicht\">Schwur der Urahnen Runenwort Infos<\/strong>\n<ul>\n<li>Level: 21<\/li>\n<li>Sockel: 3<\/li>\n<li>Gegenst\u00e4nde: Schild, Paladin-Schild<\/li>\n<li>Empfohlene Gegenst\u00e4nde: Gro\u00dfer Schild, Eckiger Schild<\/li>\n<\/ul>\n<\/li>\n<li><strong class=\"text_uebersicht\">Schwur der Urahnen Runenwort Werte<\/strong>\n<ul>\n<li>K\u00e4lte-Widerstand +30%<\/li>\n<li>Alle Widerstandsarten +13%<\/li>\n<li>+50% Verbesserte Verteidigung<\/li>\n<li>+10% erlittener Schaden geht auf Mana<\/li>\n<li>Feuer-Widerstand +35% (Ral)<\/li>\n<li>Blitz-Widerstand +35% (Ort)<\/li>\n<li>Gift-Widerstand +35% (Tal)<\/li>\n<\/ul>\n<\/li>\n<\/ul>\n<h3 id=\"Schild-TalThulOrtAmn\">Geist &#8211; TalThulOrtAmn<\/h3>\n<ul>\n<li><strong class=\"text_uebersicht\">Geist Runenwort Infos<\/strong>\n<ul>\n<li>Level: 25<\/li>\n<li>Sockel: 4<\/li>\n<li>Gegenst\u00e4nde: Schild, Paladin-Schild<\/li>\n<li>Empfohlene Gegenst\u00e4nde: Monarch, Heilige Targe<\/li>\n<\/ul>\n<\/li>\n<li><strong class=\"text_uebersicht\">Geist Runenwort Werte<\/strong>\n<ul>\n<li>+2 zu allen Fertigkeiten<\/li>\n<li>25% bis 35% schnellere Zauberrate<\/li>\n<li>+55% schnellere Erholung nach Treffer<\/li>\n<li>+250 zur Verteidigung gegen Geschosse<\/li>\n<li>+22 zu Vitalit\u00e4t<\/li>\n<li>+89-112 zu Mana<\/li>\n<li>Absorbiert 3 bis 8 Magieschaden<\/li>\n<li>Gift-Widerstand +35% (Tal)<\/li>\n<li>K\u00e4lte-Widerstand +35% (Thul)<\/li>\n<li>Blitz-Widerstand +35% (Ort)<\/li>\n<li>Angreifer erleidet Schaden von 14 (Amn)<\/li>\n<\/ul>\n<\/li>\n<\/ul>\n<h3 id=\"ShaelEth\">Reim &#8211; ShaelEth<\/h3>\n<ul>\n<li><strong class=\"text_uebersicht\">Reim Runenwort Infos<\/strong>\n<ul>\n<li>Level: 29<\/li>\n<li>Sockel: 2<\/li>\n<li>Gegenst\u00e4nde: Schild, Paladin-Schild, Schrumpfkopf<\/li>\n<li>Empfohlene Gegenst\u00e4nde: Knochenschild, Targe, Konservierter Kopf<\/li>\n<\/ul>\n<\/li>\n<li><strong class=\"text_uebersicht\">Reim Runenwort Werte<\/strong>\n<ul>\n<li>+20% Schnelleres Blocken<\/li>\n<li>+20% erh\u00f6hte Chance beim Blocken<\/li>\n<li>Alle Widerstandsarten +25%<\/li>\n<li>Einfrieren nicht m\u00f6glich<\/li>\n<li>+50% Extragold von Monstern<\/li>\n<li>+25% bessere Chance magischen Gegenstand zu erhalten<\/li>\n<li>20% Schnelleres Blocken (Shael)<\/li>\n<li>+15% Manaregeneration (Eth)<\/li>\n<\/ul>\n<\/li>\n<\/ul>\n<h3 id=\"EthLum\">Pracht &#8211; EthLum<\/h3>\n<ul>\n<li><strong class=\"text_uebersicht\">Pracht Runenwort Infos<\/strong>\n<ul>\n<li>Level: 37<\/li>\n<li>Sockel: 2<\/li>\n<li>Gegenst\u00e4nde: Schild, Paladin-Schild, Schrumpfkopf<\/li>\n<li>Empfohlene Gegenst\u00e4nde: Knochenschild, Targe<\/li>\n<\/ul>\n<\/li>\n<li><strong class=\"text_uebersicht\">Pracht Runenwort Werte<\/strong>\n<ul>\n<li>+1 zu allen Fertigkeiten<\/li>\n<li>+10% Schnellere Zauberrate<\/li>\n<li>+20% Schnelleres Blocken<\/li>\n<li>+60% bis +100% Verbesserte Verteidigung<\/li>\n<li>50% Extragold von Monstern<\/li>\n<li>+20% bessere Chance magischen Gegenstand zu erhalten<\/li>\n<li>3 zu Lichtradius<\/li>\n<li>+15% Manaregeneration (Eth)<\/li>\n<li>+10 zu Energie (Lum)<\/li>\n<\/ul>\n<\/li>\n<\/ul>\n","protected":false},"excerpt":{"rendered":"<p>Waffen Stahl &#8211; TirEl Stahl Runenwort Infos Level: 13 Sockel: 2 Gegenst\u00e4nde: Axt, Kn\u00fcppel, Schwert Empfohlene Gegenst\u00e4nde: Flegel, Krumms\u00e4bel Stahl Runenwort Werte +25% Erh\u00f6hte Angriffsgeschwindigkeit +3 Minimalschaden +3 Maximalschaden +50% Chance auf offene Wunden +20% Erh\u00f6hter Schaden +2 zu Mana nach jedem Volltreffer (Tir) 1 zu Lichtradius (El) +50 zu Angriffswert (El) Blatt &#8211; TirRal [&hellip;]<\/p>\n","protected":false},"author":1,"featured_media":0,"parent":0,"menu_order":0,"comment_status":"closed","ping_status":"closed","template":"","meta":{"footnotes":""},"class_list":["post-77","page","type-page","status-publish","hentry"],"_links":{"self":[{"href":"http:\/\/www.tlu-clan.de\/index.php?rest_route=\/wp\/v2\/pages\/77","targetHints":{"allow":["GET"]}}],"collection":[{"href":"http:\/\/www.tlu-clan.de\/index.php?rest_route=\/wp\/v2\/pages"}],"about":[{"href":"http:\/\/www.tlu-clan.de\/index.php?rest_route=\/wp\/v2\/types\/page"}],"author":[{"embeddable":true,"href":"http:\/\/www.tlu-clan.de\/index.php?rest_route=\/wp\/v2\/users\/1"}],"replies":[{"embeddable":true,"href":"http:\/\/www.tlu-clan.de\/index.php?rest_route=%2Fwp%2Fv2%2Fcomments&post=77"}],"version-history":[{"count":3,"href":"http:\/\/www.tlu-clan.de\/index.php?rest_route=\/wp\/v2\/pages\/77\/revisions"}],"predecessor-version":[{"id":80,"href":"http:\/\/www.tlu-clan.de\/index.php?rest_route=\/wp\/v2\/pages\/77\/revisions\/80"}],"wp:attachment":[{"href":"http:\/\/www.tlu-clan.de\/index.php?rest_route=%2Fwp%2Fv2%2Fmedia&parent=77"}],"curies":[{"name":"wp","href":"https:\/\/api.w.org\/{rel}","templated":true}]}}