{"id":75,"date":"2021-12-26T22:35:53","date_gmt":"2021-12-26T22:35:53","guid":{"rendered":"http:\/\/www.tlu-clan.de\/?page_id=75"},"modified":"2022-01-18T12:23:43","modified_gmt":"2022-01-18T12:23:43","slug":"wuerfel-rezepte-aufwertung-runen-sockeln","status":"publish","type":"page","link":"http:\/\/www.tlu-clan.de\/?page_id=75","title":{"rendered":"W\u00fcrfel Rezepte &#8211; Aufwertung Runen + Sockeln"},"content":{"rendered":"<ul>\n<li class=\"first-child\">3 El Runen = 1 Eld Rune<\/li>\n<li>3 Eld Runen = 1 Tir rune<\/li>\n<li>3 Tir Runen = 1 Nef rune<\/li>\n<li>3 Nef Runen = 1 Eth rune<\/li>\n<li>3 Eth Runen = 1\u00a0 Ith rune<\/li>\n<li>3 Ith Runen = 1\u00a0 Tal rune<\/li>\n<li>3 Tal Runen = 1 Ral rune<\/li>\n<li>3 Ral\u00a0 Runen = 1 Ort rune<\/li>\n<li>3 Ort Runen = 1 Thul rune<\/li>\n<li>3 Thul Runen + 1 angeschlagener Topas = 1 Amn Rune<\/li>\n<li>3 Amn-Runen + 1 angeschlagener Amethyst = 1 Sol Rune<\/li>\n<li>3 Sol-Runen + 1 gesplitterter Saphir = 1 Shael Rune<\/li>\n<li>3 Shael-Runen + 1 angeschlagener Rubin = 1 Dol Rune<\/li>\n<li>3 Dol Runen + 1 angeschlagener Smaragd = 1 Hel Rune<\/li>\n<li>3 Hel Runen + 1 = 1 abgebrochenen Diamant = Io rune<\/li>\n<li>3 Io Runen + 1 fehlerhaft Topas = 1 Lum Rune<\/li>\n<li>3 Lum-Runen + 1 fehlerhafter Amethyst = 1 Ko Rune<\/li>\n<li>3 Ko Runen + 1 fehlerhaft saphir = 1 Fal Rune<\/li>\n<li>3 Fal Runen + 1 fehlerhafter Rubin = 1 Lem Rune<\/li>\n<li>3 Lem-Runen + 1 fehlerhafter Smaragd = 1 Pul Rune<\/li>\n<li>2 Pul Runen + 1 fehlerhaft Diamant = Um rune<\/li>\n<li>2 Um Runen + 1 Topas = 1 Mal Rune<\/li>\n<li>2 Mal Runen + 1 Amethyst = 1 Mal Rune<\/li>\n<li>2 Ist Runen + 1 = 1 saphir = Gul rune<\/li>\n<li>2 Gul Runen + 1 = 1 rubin = Vex rune<\/li>\n<li>2 Vex Runen + 1 Emereald = 1 Ohm Rune<\/li>\n<li>2 Ohm Runen + 1 Diamant = 1 Lo Rune<\/li>\n<li>2 Lo-Runen + 1 makelloser Topas = 1 Sur Rune<\/li>\n<li>2 Sur Runen + 1 = 1 fehlerlos Amethyst Ber rune<\/li>\n<li>2 Ber Runen + 1 = 1 fehlerlos Saphire = Jah rune<\/li>\n<li>2 Jah Runen + 1 makelloser Rubin = 1 Cham Rune<\/li>\n<li class=\"last-child\">2 Cham Runen + 1 makelloser Smaragd = 1 Zod Rune<\/li>\n<\/ul>\n<h3>Schild mit 1-4 Sockeln<\/h3>\n<p>Dieses Rezept f\u00fcr einem normalen oder \u00e4therischen Schild 1-4 Sockel hinzu. Das Limit liegt bei der maximalen Anzahl an Sockeln die der Gegenstand haben kann.<\/p>\n<ul>\n<li>Tal-Rune<\/li>\n<li>Amn-Rune<\/li>\n<li>Perfekter Rubin<\/li>\n<li>Normaler oder \u00e4therischer Schild<\/li>\n<\/ul>\n<h3>R\u00fcstung mit 1-4 Sockeln<\/h3>\n<p>Dieses Rezept f\u00fcr einer normalen oder \u00e4therischen R\u00fcstung 1-4 Sockel hinzu. Das Limit liegt bei der maximalen Anzahl an Sockeln die der Gegenstand haben kann.<\/p>\n<ul>\n<li>Tal-Rune<\/li>\n<li>Thul-Rune<\/li>\n<li>Perfekter Topas<\/li>\n<li>Normale oder \u00e4therische R\u00fcstung<\/li>\n<\/ul>\n<h3>Waffe mit 1-6 Sockeln<\/h3>\n<p>Dieses Rezept f\u00fcr einer normalen oder \u00e4therischen Waffe 1-6 Sockel hinzu. Das Limit liegt bei der maximalen Anzahl an Sockeln die der Gegenstand haben kann.<\/p>\n<ul>\n<li>Ral-Rune<\/li>\n<li>Amn-Rune<\/li>\n<li>Perfekter Amethyst<\/li>\n<li>Normale oder \u00e4therische Waffe<\/li>\n<\/ul>\n<h3>Gegenstand entsockeln<\/h3>\n<p>Edelsteine, Runen und Juwelen werden mit diesem Rezept aus den Sockeln entfernt. Die Edelsteine, Runen und Juwelen werden dabei zerst\u00f6rt. Der Ausr\u00fcstungsgegenstand hat anschlie\u00dfend leere Sockel, sodass neue Sockel-Items eingesetzt werden k\u00f6nnen. Mit diesem Rezept kann man z.B. auch Runenw\u00f6rter entfernen.<\/p>\n<ul>\n<li>Hel-Rune<\/li>\n<li>Schriftrolle des Stadtportals<\/li>\n<li>Gesockelter Gegenstand<\/li>\n<\/ul>\n<p><strong>Amulette + Ringe<\/strong><\/p>\n<p>&nbsp;<\/p>\n<table>\n<tbody>\n<tr>\n<td>6x Perfekter Edelstein (1 von jedem Typ) + 1x Amulett (Magisch)<\/td>\n<td>Prismatisches Amulett mit 16-20 % f\u00fcr alle Widerst\u00e4nde (Neues ilvl: 30)<\/td>\n<\/tr>\n<\/tbody>\n<\/table>\n<table>\n<tbody>\n<tr>\n<td>1x Magischer Ring + 1x Perfekter Smaragd + 1x Gegengift-Elixier<\/td>\n<td>Jadering mit 21-30 % Giftwiderstand (Neues ilvl: 30)<\/td>\n<\/tr>\n<tr>\n<td>1x Magischer Ring + 1x Perfekter Rubin + 1x Explosiv-Elixier<\/td>\n<td>Granatroter Ring mit 21-30 % Feuerwiderstand (Neues ilvl: 30)<\/td>\n<\/tr>\n<tr>\n<td>1x Magisch Ringe + 1x Perfekter Topas + 1x Regenerationstrank<\/td>\n<td>Korallenroter Ring mit 21-30 % Blitzwiderstand (Neues ilvl: 30)<\/td>\n<\/tr>\n<tr>\n<td>1x Magischer Ring + 1x Perfekter Saphir + 1x Auftau-Elixier<\/td>\n<td>Kobalt-Ring mit 21-30 % K\u00e4ltewiderstand (Neues ilvl: 30)<\/td>\n<\/tr>\n<\/tbody>\n<\/table>\n<h3 id=\"ftoc-heading-12\" class=\"ftwp-heading\">Stats und Talente<\/h3>\n<figure class=\"wp-block-table is-style-stripes\">\n<table>\n<tbody>\n<tr>\n<td><strong>Ben\u00f6tigte Items<\/strong><\/td>\n<td><strong>Ergebnis<\/strong><\/td>\n<\/tr>\n<tr>\n<td>1x Verdorbene Essenz des Leidens, 1x Geladene Essenz des Hasses, 1x Brennende Essenz des Schreckens, 1x Eiternde Essenz der Zerst\u00f6rung<\/td>\n<td>Zeichen der Absolution: Setzt Stats und Talente vollst\u00e4ndig zur\u00fcck<\/td>\n<\/tr>\n<\/tbody>\n<\/table>\n<p>Die 4 Essenzen werden von verschiedenen Bossen fallengelassen:<\/p>\n<ul>\n<li>Brennende Essenz des Schreckens: Diablo<\/li>\n<li>Geladene Essenz des Hasses: Mephisto (Schwierigkeitsgrad: H\u00f6lle)<\/li>\n<li>Verdorbene Essenz des Leidens: Andariel und Duriel (Schwierigkeitsgrad: H\u00f6lle)<\/li>\n<li>Eiternde Essenz der Zerst\u00f6rung: Baal (Schwierigkeitsgrad: H\u00f6lle)<\/li>\n<\/ul>\n<table>\n<tbody>\n<tr>\n<td>Schl\u00fcssel des Hasses + Schl\u00fcssel des Terrors + Schl\u00fcssel der Zerst\u00f6rung<\/td>\n<td>Rotes Portal zu den Hallen von Lilith, dem Glutofen der Pein oder dem Vergessenen Sand<\/td>\n<\/tr>\n<tr>\n<td>Mephistos Gehirn + Diablos Horn + Baals Auge<\/td>\n<td>Rotes Portal nach \u00dcber-Tristram<\/td>\n<\/tr>\n<\/tbody>\n<\/table>\n<p>Akt1 Gr\u00e4fin = Schl\u00fcssel des Terrors<br \/>\nAkt2 Beschw\u00f6rer = Schl\u00fcssel des Hasses<br \/>\nAkt5 Nihlatak = Schl\u00fcssel der Zerst\u00f6rung<\/figure>\n<h3>Der vergessene Turm: Runen bei der Gr\u00e4fin farmen<\/h3>\n<p>Im <em>Schwarzmoor<\/em> (Akt 1) befindet sich <em>der vergessene Turm<\/em> mit f\u00fcnf Ebenen. Auf der h\u00f6chsten Ebene treten wir der <strong class=\"gelb\">Gr\u00e4fin<\/strong> gegen\u00fcber. Sie hinterl\u00e4sst bis zu 3 Runen als Beute. Welche Runen sie \u00fcberwiegend als Beute hinterl\u00e4sst h\u00e4ngt vom Schwierigkeitsgrad ab. Zus\u00e4tzlich zu ihrem Runen-Drop-Pool kann sie auch eine Rune aus dem Zonen-Drop-Pool hinterlassen. Das sind bessere Runen, die jedoch viel seltener als Beute hinterlassen werden.<\/p>\n<p>Wir haben vorhin geschrieben, dass mehr Runen als Beute hinterlassen werden, je Gr\u00f6\u00dfer die Gruppe ist. Bei der Gr\u00e4fin ist dies jedoch anders. Je mehr Spieler anwesend sind, desto besser wird der Zonen-Drop-Pool der Gr\u00e4fin und somit werden im Durchschnitt mehr Ausr\u00fcstungsgegenst\u00e4nde als Runen hinterlassen. Wenn ihr also ausschlie\u00dflich Runen bei der Gr\u00e4fin farmt, dann macht dies am besten alleine.<\/p>\n<table class=\"table_1\" cellpadding=\"1\">\n<thead>\n<tr>\n<th>Schwierigkeitsgrad<\/th>\n<th>Gr\u00e4fin-Drop<\/th>\n<th>Zonen-Drop<\/th>\n<\/tr>\n<\/thead>\n<tbody>\n<tr>\n<td><strong class=\"text_uebersicht\">Normal<\/strong><\/td>\n<td>El bis Ral<\/td>\n<td>El bis Ral<\/td>\n<\/tr>\n<tr>\n<td><strong class=\"text_uebersicht\">Alptraum<\/strong><\/td>\n<td>El bis Io<\/td>\n<td>El bis Ko<\/td>\n<\/tr>\n<tr>\n<td><strong class=\"text_uebersicht\">H\u00f6lle<\/strong><\/td>\n<td>El bis Ist<\/td>\n<td>El bis Lo<\/td>\n<\/tr>\n<\/tbody>\n<\/table>\n<h3>Runen in Unter-Kurast farmen<\/h3>\n<p>Einige Spieler farmen Runen durch so genannte LK-Runs. In Unter-Kurast gibt es n\u00e4mlich die meisten Supertruhen in ganz Diablo 2. Diese Truhen hinterlassen viel mehr Gegenst\u00e4nde als gew\u00f6hnliche Truhen. Haltet Ausschau nach einem besonderen Haus mit einem Lagerfeuer und Fakeln. In diesem Haus sind 3 Supertruhen zu finden. in Unter-Kurast gibt es 1-2 dieser H\u00e4user. Je mehr Spieler anwesend sind, desto effektiver sind diese LK-Runs.<\/p>\n<h3>Runen in der Geheimen Zuflucht &amp; im Chaos-Sanktuarium farmen<\/h3>\n<p>Es gibt Gegner die keine Ausr\u00fcstungsgegenst\u00e4nde als Beute hinterlassen und die Chance auf Runen-Drops h\u00f6her ist. Dazu geh\u00f6ren Gespenster in der Geheimen Zuflucht und im Chaos-Sanktuarium. Hier bekommen wir alle Runen bis zur Zod-Rune als Beute.<\/p>\n<h3>Runen im Travincal farmen<\/h3>\n<p>Der Hohe Rat besteht aus mehreren Gegnern, die alle im Gebiet Travincal im dritten Akt zu finden sind. Diese einzigartigen Gegner hinterlassen mehr Beute als andere Gegner, sodass es auch mehr Runen gibt. Bis auf die Zod-Rune haben wir hier die Chance alle Runen er erhalten.<\/p>\n<p>&nbsp;<\/p>\n<ul>\n<li>Akt 1 Normal: Keine Runen<\/li>\n<li>Akt 2 Normal: El\/Eld\/Tir\/Nef<\/li>\n<li>Akt 3 Normal: Eth\/Ith\/Tal\/Ral<\/li>\n<li>Akt 4 Normal: Ort\/Thul\/Amn\/Sol<\/li>\n<li>Akt 5 Normal: Shael\/Dol<\/li>\n<li>Akt 1 Alptraum: Hel\/Io<\/li>\n<li>Akt 2 Alptraum: Lum\/Ko<\/li>\n<li>Akt 3 Alptraum: Fal\/Lem<\/li>\n<li>Akt 4 Alptraum: Pul\/Um<\/li>\n<li>Akt 5 Alptraum: Mal\/Ist<\/li>\n<li>Akt 1 H\u00f6lle: Gul\/Vex<\/li>\n<li>Akt 2 H\u00f6lle: Ohm\/Lo<\/li>\n<li>Akt 3 H\u00f6lle: Sur\/Ber<\/li>\n<li>Akt 4 H\u00f6lle: Jah\/Cham<\/li>\n<li>Akt 5 H\u00f6lle: Zod<\/li>\n<\/ul>\n<p><u>Alptraum:<\/u><\/p>\n<p>Akt1: bis Io<br \/>\nAkt2: bis Ko<br \/>\nAkt3: bis Lem<br \/>\nAkt4: bis Um<br \/>\nAkt5: bis Ist<\/p>\n<p><u>H\u00f6lle:<\/u><\/p>\n<p>Akt1: bis Vex<br \/>\nAkt2: bis Lo<br \/>\nAkt3: bis Ber<br \/>\nAkt4: bis cham<br \/>\nAkt5: bis Zod<\/p>\n<p>AKT 1<\/p>\n<p><u>Die Ebenen Blutmoor bis Tamo-Hochland:<\/u><\/p>\n<p>Wenn in dem Haus ein Bett steht <u>und<\/u> ne Truhe im Haus oder unter dem Vordach is, dann isses ne ST. Auf dem Bild is eine ST unterm Vordach zu sehen:<\/p>\n<p><u>Mausoleum\/Krypta\/Gr\u00e4finnenturm lvl 1-4:<\/u><\/p>\n<p>In allen diesen Gruften kommen dieselben STs vor, da des Kartendesign im Grunde gleich is; erkenen tut man die STs an den vielen S\u00e4ulen. Ich denke, hier sagen Bilder am meisten:<\/p>\n<p>&nbsp;<\/p>\n<p>AKT 2<\/p>\n<p><u>Vor allem Vergessene Stadt:<\/u><\/p>\n<p>&#8230; deshalb, weil in der W\u00fcste STs nur in bestimmten Ruinen vorkommen und Ruinen sin vor allem in der verg. Stadt<\/p>\n<p><u>Wurmgruft:<\/u><\/p>\n<p>In der Wurmgruft f\u00fchren Sackgassen immer auf R\u00e4ume, in welchen immer zwei Truhen drin sind (Ausnahme: der mit der goldenen Truhe). Manchmal sin auch bei den Abg\u00e4ngen welche<\/p>\n<p><u>Geheime Zuflucht:<\/u><\/p>\n<p>Kennt jeder, denk ich mal; neun STs, je 3 am Nicht-Beschw\u00f6rer-Gangende<\/p>\n<p>&nbsp;<\/p>\n<p>Akt 3<\/p>\n<p><u>Unterkurast:<\/u><\/p>\n<p>Hier gehts gleich mal los mit dem bestem Supertruhengebiet in ganz D2. Es sin in jedem Unter-Kurast 1-2 von solchen Lagerfeuern mit Fackeln drumrum, wo auf der Karte links n langes Haus mit 2 STs und oben n k\u00fcrzeres Haus mit einer stehen.<\/p>\n<p><u>Kerker des Hasses lvl3<\/u><\/p>\n<p>Die steht hinter Meppel, wo des ganze Gold rumliegt und d\u00fcrft doch einigerma\u00dfen bekannt sein.<\/p>\n<p>&nbsp;<\/p>\n<p>quelle: planetdiablo.eu<\/p>\n","protected":false},"excerpt":{"rendered":"<p>3 El Runen = 1 Eld Rune 3 Eld Runen = 1 Tir rune 3 Tir Runen = 1 Nef rune 3 Nef Runen = 1 Eth rune 3 Eth Runen = 1\u00a0 Ith rune 3 Ith Runen = 1\u00a0 Tal rune 3 Tal Runen = 1 Ral rune 3 Ral\u00a0 Runen = 1 Ort [&hellip;]<\/p>\n","protected":false},"author":1,"featured_media":0,"parent":0,"menu_order":0,"comment_status":"closed","ping_status":"closed","template":"","meta":{"footnotes":""},"class_list":["post-75","page","type-page","status-publish","hentry"],"_links":{"self":[{"href":"http:\/\/www.tlu-clan.de\/index.php?rest_route=\/wp\/v2\/pages\/75","targetHints":{"allow":["GET"]}}],"collection":[{"href":"http:\/\/www.tlu-clan.de\/index.php?rest_route=\/wp\/v2\/pages"}],"about":[{"href":"http:\/\/www.tlu-clan.de\/index.php?rest_route=\/wp\/v2\/types\/page"}],"author":[{"embeddable":true,"href":"http:\/\/www.tlu-clan.de\/index.php?rest_route=\/wp\/v2\/users\/1"}],"replies":[{"embeddable":true,"href":"http:\/\/www.tlu-clan.de\/index.php?rest_route=%2Fwp%2Fv2%2Fcomments&post=75"}],"version-history":[{"count":6,"href":"http:\/\/www.tlu-clan.de\/index.php?rest_route=\/wp\/v2\/pages\/75\/revisions"}],"predecessor-version":[{"id":91,"href":"http:\/\/www.tlu-clan.de\/index.php?rest_route=\/wp\/v2\/pages\/75\/revisions\/91"}],"wp:attachment":[{"href":"http:\/\/www.tlu-clan.de\/index.php?rest_route=%2Fwp%2Fv2%2Fmedia&parent=75"}],"curies":[{"name":"wp","href":"https:\/\/api.w.org\/{rel}","templated":true}]}}